{"id":1176,"date":"2020-10-12T22:01:14","date_gmt":"2020-10-12T20:01:14","guid":{"rendered":"http:\/\/ycm-berlin.de\/blog\/?page_id=1176"},"modified":"2020-10-12T23:47:05","modified_gmt":"2020-10-12T21:47:05","slug":"idjuem-2017","status":"publish","type":"page","link":"https:\/\/ycm-berlin.de\/blog\/archiv-teeny\/2017-2\/idjuem-2017\/","title":{"rendered":"IDJ\u00fcM 2017"},"content":{"rendered":"\n<p style=\"font-size:26px\">Wir sind dabei!<\/p>\n\n\n\n<p>Vom 21. &#8211; 30. Juli 2017 findet die <a rel=\"noreferrer noopener\" href=\"https:\/\/www.manage2sail.com\/ch\/event\/94c64512-e3ae-43a2-99b8-9fd7912d7c4d#!\/\" target=\"_blank\">128. Travem\u00fcnder Woche<\/a>\u00a0und mit ihr die Internationale Deutsche J\u00fcngstenmeisterschaft 2017 (IDJ\u00fcM) statt. Ausrichter ist der <a rel=\"noreferrer noopener\" href=\"https:\/\/www.lyc.de\/lyc\/index.html\" target=\"_blank\">L\u00fcbecker Yacht-Club<\/a>. Unser Team &#8220;Viel zu schnell&#8221; darf mit ihren Trainern dieses Jahr dabei sein und dar\u00fcber freuen wir uns sehr.<\/p>\n\n\n\n<figure class=\"wp-block-image size-large is-style-default\"><img loading=\"lazy\" width=\"1024\" height=\"768\" src=\"http:\/\/ycm-berlin.de\/blog\/wp-content\/uploads\/2017\/07\/IMG-20170720-WA0027-1024x768.jpg\" alt=\"\" class=\"wp-image-116\" srcset=\"https:\/\/ycm-berlin.de\/blog\/wp-content\/uploads\/2017\/07\/IMG-20170720-WA0027-1024x768.jpg 1024w, https:\/\/ycm-berlin.de\/blog\/wp-content\/uploads\/2017\/07\/IMG-20170720-WA0027-300x225.jpg 300w, https:\/\/ycm-berlin.de\/blog\/wp-content\/uploads\/2017\/07\/IMG-20170720-WA0027-768x576.jpg 768w, https:\/\/ycm-berlin.de\/blog\/wp-content\/uploads\/2017\/07\/IMG-20170720-WA0027.jpg 1280w\" sizes=\"(max-width: 767px) 89vw, (max-width: 1000px) 54vw, (max-width: 1071px) 543px, 580px\" \/><figcaption>Foto: Martin Stelter<\/figcaption><\/figure>\n","protected":false},"excerpt":{"rendered":"<p>Wir sind dabei! Vom 21. &#8211; 30. Juli 2017 findet die 128. Travem\u00fcnder Woche\u00a0und mit ihr die Internationale Deutsche J\u00fcngstenmeisterschaft 2017 (IDJ\u00fcM) statt. Ausrichter ist der L\u00fcbecker Yacht-Club. Unser Team &#8220;Viel zu schnell&#8221; darf mit ihren Trainern dieses Jahr dabei sein und dar\u00fcber freuen wir uns sehr.<\/p>\n","protected":false},"author":2,"featured_media":0,"parent":1153,"menu_order":0,"comment_status":"closed","ping_status":"closed","template":"","meta":[],"_links":{"self":[{"href":"https:\/\/ycm-berlin.de\/blog\/wp-json\/wp\/v2\/pages\/1176"}],"collection":[{"href":"https:\/\/ycm-berlin.de\/blog\/wp-json\/wp\/v2\/pages"}],"about":[{"href":"https:\/\/ycm-berlin.de\/blog\/wp-json\/wp\/v2\/types\/page"}],"author":[{"embeddable":true,"href":"https:\/\/ycm-berlin.de\/blog\/wp-json\/wp\/v2\/users\/2"}],"replies":[{"embeddable":true,"href":"https:\/\/ycm-berlin.de\/blog\/wp-json\/wp\/v2\/comments?post=1176"}],"version-history":[{"count":4,"href":"https:\/\/ycm-berlin.de\/blog\/wp-json\/wp\/v2\/pages\/1176\/revisions"}],"predecessor-version":[{"id":1239,"href":"https:\/\/ycm-berlin.de\/blog\/wp-json\/wp\/v2\/pages\/1176\/revisions\/1239"}],"up":[{"embeddable":true,"href":"https:\/\/ycm-berlin.de\/blog\/wp-json\/wp\/v2\/pages\/1153"}],"wp:attachment":[{"href":"https:\/\/ycm-berlin.de\/blog\/wp-json\/wp\/v2\/media?parent=1176"}],"curies":[{"name":"wp","href":"https:\/\/api.w.org\/{rel}","templated":true}]}}